{"id":24575,"date":"2022-01-20T00:00:48","date_gmt":"2022-01-20T00:00:48","guid":{"rendered":"http:\/\/mosel-immo.sichtbarjetzt.de\/allgemeine-geschaeftsbedingungen\/"},"modified":"2024-04-11T21:20:37","modified_gmt":"2024-04-11T21:20:37","slug":"allgemeine-geschaeftsbedingungen","status":"publish","type":"page","link":"http:\/\/mosel-immo.sichtbarjetzt.de\/?page_id=24575","title":{"rendered":"Allgemeine Gesch\u00e4ftsbedingungen"},"content":{"rendered":"<p>[et_pb_section fb_built=&#8220;1&#8243; admin_label=&#8220;Header&#8220; _builder_version=&#8220;4.18.0&#8243; _module_preset=&#8220;default&#8220; use_background_color_gradient=&#8220;on&#8220; background_color_gradient_direction=&#8220;181deg&#8220; background_color_gradient_stops=&#8220;rgba(255,255,255,0) 24%|rgba(0,26,30,0.68) 100%&#8220; background_color_gradient_overlays_image=&#8220;on&#8220; background_image=&#8220;http:\/\/mosel-immo.sichtbarjetzt.de\/wp-content\/uploads\/2022\/08\/1000_F_505203316_fwGdrepZqoYDyVtnnnHZ76N21h8tw8GG-.jpg&#8220; parallax=&#8220;on&#8220; custom_padding=&#8220;20%||||false|false&#8220; da_disable_devices=&#8220;off|off|off&#8220; collapsed=&#8220;on&#8220; global_colors_info=&#8220;{}&#8220; da_is_popup=&#8220;off&#8220; da_exit_intent=&#8220;off&#8220; da_has_close=&#8220;on&#8220; da_alt_close=&#8220;off&#8220; da_dark_close=&#8220;off&#8220; da_not_modal=&#8220;on&#8220; da_is_singular=&#8220;off&#8220; da_with_loader=&#8220;off&#8220; da_has_shadow=&#8220;on&#8220;][et_pb_row _builder_version=&#8220;4.18.0&#8243; _module_preset=&#8220;default&#8220; global_colors_info=&#8220;{}&#8220;][et_pb_column type=&#8220;4_4&#8243; _builder_version=&#8220;4.18.0&#8243; _module_preset=&#8220;default&#8220; global_colors_info=&#8220;{}&#8220;][et_pb_text _builder_version=&#8220;4.18.0&#8243; _module_preset=&#8220;c16985e1-e0d6-4022-964d-e2bfc04fa633&#8243; header_font=&#8220;Anton|||on|||||&#8220; header_text_color=&#8220;#FFFFFF&#8220; header_font_size=&#8220;70px&#8220; header_line_height=&#8220;1.15em&#8220; header_font_size_tablet=&#8220;40px&#8220; header_font_size_phone=&#8220;24px&#8220; header_font_size_last_edited=&#8220;on|desktop&#8220; global_colors_info=&#8220;{}&#8220;]<\/p>\n<h1>Allgemeine Gesch\u00e4ftsbedingungen<\/h1>\n<p>[\/et_pb_text][\/et_pb_column][\/et_pb_row][\/et_pb_section][et_pb_section fb_built=&#8220;1&#8243; custom_padding_last_edited=&#8220;on|tablet&#8220; admin_label=&#8220;Feature&#8220; module_id=&#8220;ImmobilienUeberblick&#8220; module_class=&#8220;ImmobilienUeberblick&#8220; _builder_version=&#8220;4.18.0&#8243; _module_preset=&#8220;default&#8220; background_color=&#8220;rgba(149,121,47,0.15)&#8220; custom_margin=&#8220;||0px||false|false&#8220; custom_margin_tablet=&#8220;||0px||false|false&#8220; custom_margin_phone=&#8220;||0px||false|false&#8220; custom_margin_last_edited=&#8220;on|tablet&#8220; custom_padding=&#8220;||50px||false|false&#8220; custom_padding_tablet=&#8220;||0px||false|false&#8220; custom_padding_phone=&#8220;||0px||false|false&#8220; da_popup_slug=&#8220;ImmobilienUeberblick&#8220; da_disable_devices=&#8220;off|off|off&#8220; collapsed=&#8220;on&#8220; global_colors_info=&#8220;{}&#8220; da_is_popup=&#8220;off&#8220; da_exit_intent=&#8220;off&#8220; da_has_close=&#8220;on&#8220; da_alt_close=&#8220;off&#8220; da_dark_close=&#8220;off&#8220; da_not_modal=&#8220;on&#8220; da_is_singular=&#8220;off&#8220; da_with_loader=&#8220;off&#8220; da_has_shadow=&#8220;on&#8220;][et_pb_row column_structure=&#8220;3_4,1_4&#8243; _builder_version=&#8220;4.18.0&#8243; _module_preset=&#8220;default&#8220; global_colors_info=&#8220;{}&#8220;][et_pb_column type=&#8220;3_4&#8243; _builder_version=&#8220;4.17.4&#8243; _module_preset=&#8220;default&#8220; global_colors_info=&#8220;{}&#8220;][et_pb_text _builder_version=&#8220;4.18.0&#8243; _module_preset=&#8220;b327cbe4-b1d5-4b66-ad37-40c8f2f061ba&#8220; header_2_font=&#8220;Anton|||on|||||&#8220; header_2_text_color=&#8220;#333333&#8243; header_2_font_size=&#8220;40px&#8220; header_2_line_height=&#8220;1.15em&#8220; header_2_font_size_tablet=&#8220;32px&#8220; header_2_font_size_phone=&#8220;20px&#8220; header_2_font_size_last_edited=&#8220;on|phone&#8220; global_colors_info=&#8220;{}&#8220;]<\/p>\n<h2>\u200b\u00a7\u00a01 ANGABEN ZU DEN OBJEKTEN<\/h2>\n<p>[\/et_pb_text][et_pb_text _builder_version=&#8220;4.18.0&#8243; _module_preset=&#8220;1f09816e-184e-4ce5-a4cf-b39c52c423ca&#8220; text_font=&#8220;|500|||||||&#8220; text_text_color=&#8220;#0D291F&#8220; text_font_size=&#8220;20px&#8220; text_line_height=&#8220;140%&#8220; custom_margin=&#8220;-20px||0px||false|false&#8220; custom_padding=&#8220;0px||0px||false|false&#8220; text_font_size_tablet=&#8220;15px&#8220; text_font_size_phone=&#8220;14px&#8220; text_font_size_last_edited=&#8220;on|phone&#8220; header_font_size_tablet=&#8220;55px&#8220; header_font_size_last_edited=&#8220;off|desktop&#8220; global_colors_info=&#8220;{}&#8220;]<\/p>\n<p>Unsere Angebote erfolgen aufgrund der uns vom Auftraggeber erteilten Ausk\u00fcnfte, f\u00fcr die Richtigkeit, Aktualit\u00e4t und Vollst\u00e4ndigkeit aller gemachten Angaben \u00fcbernehmen wir keine Gew\u00e4hr. Ebenso \u00fcbernehmen wir keine Gew\u00e4hr f\u00fcr die Richtigkeit, Aktualit\u00e4t und Vollst\u00e4ndigkeit aller Bauzeichnungen, Baupl\u00e4ne, Lagepl\u00e4ne, Fl\u00e4chenberechnungen, Ausk\u00fcnfte von \u00c4mtern und Beh\u00f6rden, Angaben zu Baujahren oder Bauweise und Baustoffen die in den Expos\u00e9s beigef\u00fcgt sind bzw. deren Daten verwendet werden. Der Makler \u00fcberpr\u00fcft nicht die Einhaltung von Bauvorschriften und Genehmigungen.<\/p>\n<p>Der Makler \u00fcbernimmt nur die Funktion des Vermittlers er kann keine Pr\u00fcfung der technischen Anlagen oder des Bauzustandes vornehmen und \u00fcbernimmt hierf\u00fcr auch keine Haftung, hierf\u00fcr ist ausschlie\u00dflich der K\u00e4ufer zust\u00e4ndig wir empfehlen bei Kaufentscheidung einen Sachverst\u00e4ndigen zu beauftragen.<\/p>\n<p>[\/et_pb_text][et_pb_text _builder_version=&#8220;4.18.0&#8243; _module_preset=&#8220;b327cbe4-b1d5-4b66-ad37-40c8f2f061ba&#8220; header_2_font=&#8220;Anton|||on|||||&#8220; header_2_text_color=&#8220;#333333&#8243; header_2_font_size=&#8220;40px&#8220; header_2_line_height=&#8220;1.15em&#8220; custom_margin=&#8220;40px||||false|false&#8220; header_2_font_size_tablet=&#8220;32px&#8220; header_2_font_size_phone=&#8220;20px&#8220; header_2_font_size_last_edited=&#8220;on|phone&#8220; global_colors_info=&#8220;{}&#8220;]<\/p>\n<h2>\u00a7\u00a02 ZUSTANDEKOMMEN DES VERTRAGES<\/h2>\n<p>[\/et_pb_text][et_pb_text _builder_version=&#8220;4.18.0&#8243; _module_preset=&#8220;1f09816e-184e-4ce5-a4cf-b39c52c423ca&#8220; text_font=&#8220;|500|||||||&#8220; text_text_color=&#8220;#0D291F&#8220; text_font_size=&#8220;20px&#8220; text_line_height=&#8220;140%&#8220; custom_margin=&#8220;-20px||0px||false|false&#8220; custom_padding=&#8220;0px||0px||false|false&#8220; text_font_size_tablet=&#8220;15px&#8220; text_font_size_phone=&#8220;14px&#8220; text_font_size_last_edited=&#8220;on|phone&#8220; header_font_size_tablet=&#8220;55px&#8220; header_font_size_last_edited=&#8220;off|desktop&#8220; global_colors_info=&#8220;{}&#8220;]<\/p>\n<p>Der Vertrag zwischen dem Makler und dem Kunden kommt bereits mit Inanspruchnahme des Angebots des Maklers zustande. Mit der Entgegennahme eines Expos\u00e9s des Maklers erkennt der Kunde den Nachweis des darin enthaltenen Objektes durch den Makler an. Alle Objekte, die durch uns Angeboten werden sind aufgrund eines Vertrages mit dem Eigent\u00fcmer ausschlie\u00dflich \u00fcber uns zu erwerben. Der Richtigkeit halber weisen wir auf, dass 14 T\u00e4gige Widerrufsrecht hin das ab dem Tage dieser Information gilt.<\/p>\n<p>Dem Interessenten entstehen nur Kosten beim Kauf der Immobilie, sonst nicht.<\/p>\n<p>[\/et_pb_text][et_pb_text _builder_version=&#8220;4.18.0&#8243; _module_preset=&#8220;b327cbe4-b1d5-4b66-ad37-40c8f2f061ba&#8220; header_2_font=&#8220;Anton|||on|||||&#8220; header_2_text_color=&#8220;#333333&#8243; header_2_font_size=&#8220;40px&#8220; header_2_line_height=&#8220;1.15em&#8220; max_width=&#8220;510px&#8220; custom_margin=&#8220;40px||||false|false&#8220; header_2_font_size_tablet=&#8220;32px&#8220; header_2_font_size_phone=&#8220;20px&#8220; header_2_font_size_last_edited=&#8220;on|phone&#8220; global_colors_info=&#8220;{}&#8220;]<\/p>\n<h2>\u00a7\u00a03 HAFTUNGSBEGRENZUNG<\/h2>\n<p>[\/et_pb_text][et_pb_text _builder_version=&#8220;4.18.0&#8243; _module_preset=&#8220;1f09816e-184e-4ce5-a4cf-b39c52c423ca&#8220; text_font=&#8220;|500|||||||&#8220; text_text_color=&#8220;#0D291F&#8220; text_font_size=&#8220;20px&#8220; text_line_height=&#8220;140%&#8220; custom_margin=&#8220;-20px||0px||false|false&#8220; custom_padding=&#8220;0px||0px||false|false&#8220; text_font_size_tablet=&#8220;15px&#8220; text_font_size_phone=&#8220;14px&#8220; text_font_size_last_edited=&#8220;on|phone&#8220; header_font_size_tablet=&#8220;55px&#8220; header_font_size_last_edited=&#8220;off|desktop&#8220; global_colors_info=&#8220;{}&#8220;]<\/p>\n<p>Die Haftung des Maklers wird auf grob vors\u00e4tzliches Verhalten begrenzt.<\/p>\n<p>[\/et_pb_text][et_pb_text _builder_version=&#8220;4.18.0&#8243; _module_preset=&#8220;b327cbe4-b1d5-4b66-ad37-40c8f2f061ba&#8220; header_2_font=&#8220;Anton|||on|||||&#8220; header_2_text_color=&#8220;#333333&#8243; header_2_font_size=&#8220;40px&#8220; header_2_line_height=&#8220;1.15em&#8220; max_width=&#8220;510px&#8220; custom_margin=&#8220;40px||||false|false&#8220; header_2_font_size_tablet=&#8220;32px&#8220; header_2_font_size_phone=&#8220;20px&#8220; header_2_font_size_last_edited=&#8220;on|phone&#8220; global_colors_info=&#8220;{}&#8220;]<\/p>\n<h2>\u00a7\u00a04 DATENSCHUTZ<\/h2>\n<p>[\/et_pb_text][et_pb_text _builder_version=&#8220;4.18.0&#8243; _module_preset=&#8220;1f09816e-184e-4ce5-a4cf-b39c52c423ca&#8220; text_font=&#8220;|500|||||||&#8220; text_text_color=&#8220;#0D291F&#8220; text_font_size=&#8220;20px&#8220; text_line_height=&#8220;140%&#8220; custom_margin=&#8220;-20px||0px||false|false&#8220; custom_padding=&#8220;0px||0px||false|false&#8220; text_font_size_tablet=&#8220;15px&#8220; text_font_size_phone=&#8220;14px&#8220; text_font_size_last_edited=&#8220;on|phone&#8220; header_font_size_tablet=&#8220;55px&#8220; header_font_size_last_edited=&#8220;off|desktop&#8220; global_colors_info=&#8220;{}&#8220;]<\/p>\n<p>Gem\u00e4\u00df EU-Datenschutz-Grundverordnung m\u00f6chten wir mitteilen das Ihre Daten, die Sie uns senden, ausschlie\u00dflich zur Erf\u00fcllung des Gesch\u00e4ftzweckes von uns genutzt werden, wir f\u00fchren keinerlei Kundendateien, nur bei Kaufinteresse halten wir Ihre Daten f\u00fcr die Abwicklung des Kaufes oder f\u00fcr den Gesetzgeber laut GWG oder in der Finanzbuchhaltung fest.<\/p>\n<p>Kundendaten werden nicht f\u00fcr Werbezwecke oder f\u00fcr sp\u00e4tere Informationen, Geburtstagsgr\u00fc\u00dfe, festgehalten oder weitergeben.<\/p>\n<p>Mails werden in regelm\u00e4\u00dfigen Abst\u00e4nden gel\u00f6scht.<\/p>\n<p>Sollte eine Ausnahme bei bestimmten Anfragen geschehen, werden Sie dar\u00fcber pro Fall informiert und Ihr Einverst\u00e4ndnis eingeholt.<\/p>\n<p>[\/et_pb_text][et_pb_text _builder_version=&#8220;4.18.0&#8243; _module_preset=&#8220;b327cbe4-b1d5-4b66-ad37-40c8f2f061ba&#8220; header_2_font=&#8220;Anton|||on|||||&#8220; header_2_text_color=&#8220;#333333&#8243; header_2_font_size=&#8220;40px&#8220; header_2_line_height=&#8220;1.15em&#8220; max_width=&#8220;510px&#8220; custom_margin=&#8220;40px||||false|false&#8220; header_2_font_size_tablet=&#8220;32px&#8220; header_2_font_size_phone=&#8220;20px&#8220; header_2_font_size_last_edited=&#8220;on|phone&#8220; global_colors_info=&#8220;{}&#8220;]<\/p>\n<h2>\u00a7\u00a05 GERICHTSSTAND<\/h2>\n<p>[\/et_pb_text][et_pb_text _builder_version=&#8220;4.18.0&#8243; _module_preset=&#8220;1f09816e-184e-4ce5-a4cf-b39c52c423ca&#8220; text_font=&#8220;|500|||||||&#8220; text_text_color=&#8220;#0D291F&#8220; text_font_size=&#8220;20px&#8220; text_line_height=&#8220;140%&#8220; custom_margin=&#8220;-20px||0px||false|false&#8220; custom_padding=&#8220;0px||0px||false|false&#8220; text_font_size_tablet=&#8220;15px&#8220; text_font_size_phone=&#8220;14px&#8220; text_font_size_last_edited=&#8220;on|phone&#8220; header_font_size_tablet=&#8220;55px&#8220; header_font_size_last_edited=&#8220;off|desktop&#8220; global_colors_info=&#8220;{}&#8220;]<\/p>\n<p><span>Sind Makler und Kunde Vollkaufleute im Sinne des Handelsgesetzbuches, so ist als Erf\u00fcllungsort f\u00fcr alle aus dem Vertragsverh\u00e4ltnis herr\u00fchrenden Verpflichtungen und Anspr\u00fcche und als Gerichtsstand der Firmensitz des Maklers vereinbart.<\/span><\/p>\n<p>[\/et_pb_text][et_pb_text _builder_version=&#8220;4.18.0&#8243; _module_preset=&#8220;b327cbe4-b1d5-4b66-ad37-40c8f2f061ba&#8220; header_2_font=&#8220;Anton|||on|||||&#8220; header_2_text_color=&#8220;#333333&#8243; header_2_font_size=&#8220;40px&#8220; header_2_line_height=&#8220;1.15em&#8220; max_width=&#8220;510px&#8220; custom_margin=&#8220;40px||||false|false&#8220; header_2_font_size_tablet=&#8220;32px&#8220; header_2_font_size_phone=&#8220;20px&#8220; header_2_font_size_last_edited=&#8220;on|phone&#8220; global_colors_info=&#8220;{}&#8220;]<\/p>\n<h2>\u00a7\u00a06 SALVATORISCHE KLAUSEL<\/h2>\n<p>[\/et_pb_text][et_pb_text _builder_version=&#8220;4.18.0&#8243; _module_preset=&#8220;1f09816e-184e-4ce5-a4cf-b39c52c423ca&#8220; text_font=&#8220;|500|||||||&#8220; text_text_color=&#8220;#0D291F&#8220; text_font_size=&#8220;20px&#8220; text_line_height=&#8220;140%&#8220; custom_margin=&#8220;-20px||0px||false|false&#8220; custom_padding=&#8220;0px||0px||false|false&#8220; text_font_size_tablet=&#8220;15px&#8220; text_font_size_phone=&#8220;14px&#8220; text_font_size_last_edited=&#8220;on|phone&#8220; header_font_size_tablet=&#8220;55px&#8220; header_font_size_last_edited=&#8220;off|desktop&#8220; global_colors_info=&#8220;{}&#8220;]<\/p>\n<p>Sollten Teile unwirksam sein, so bleibt die G\u00fcltigkeit der \u00fcbrigen Teile.<\/p>\n<p>[\/et_pb_text][\/et_pb_column][et_pb_column type=&#8220;1_4&#8243; _builder_version=&#8220;4.17.4&#8243; _module_preset=&#8220;default&#8220; global_colors_info=&#8220;{}&#8220;][\/et_pb_column][\/et_pb_row][\/et_pb_section][et_pb_section fb_built=&#8220;1&#8243; theme_builder_area=&#8220;post_content&#8220; _builder_version=&#8220;4.24.2&#8243; _module_preset=&#8220;default&#8220; da_is_popup=&#8220;off&#8220; da_exit_intent=&#8220;off&#8220; da_has_close=&#8220;on&#8220; da_alt_close=&#8220;off&#8220; da_dark_close=&#8220;off&#8220; da_not_modal=&#8220;on&#8220; da_is_singular=&#8220;off&#8220; da_with_loader=&#8220;off&#8220; da_has_shadow=&#8220;on&#8220; da_disable_devices=&#8220;off|off|off&#8220;][et_pb_row _builder_version=&#8220;4.24.2&#8243; _module_preset=&#8220;default&#8220; theme_builder_area=&#8220;post_content&#8220;][et_pb_column _builder_version=&#8220;4.24.2&#8243; _module_preset=&#8220;default&#8220; type=&#8220;4_4&#8243; theme_builder_area=&#8220;post_content&#8220;][et_pb_text _builder_version=&#8220;4.24.2&#8243; _module_preset=&#8220;default&#8220; theme_builder_area=&#8220;post_content&#8220; hover_enabled=&#8220;0&#8243; sticky_enabled=&#8220;0&#8243;]<\/p>\n<p><strong>Gesch\u00e4ftsbedingungen f\u00fcr den 500 Euro Gutschein<\/strong><\/p>\n<ol>\n<li><strong>G\u00fcltigkeit des Gutscheins<\/strong>: Der Gutschein ist g\u00fcltig f\u00fcr Immobilienbesitzer, die zwischen dem Datum der Ver\u00f6ffentlichung des Gutscheins und dem 31. Dezember 2024 einen neuen Auftrag f\u00fcr den Immobilienverkauf an das Mosel Immobilien Center erteilen. Der Gutschein kann nur nach erfolgreichem Verkauf der Immobilie eingel\u00f6st werden.<\/li>\n<li><strong>Anspruchsberechtigung<\/strong>: Der Gutschein ist ausschlie\u00dflich f\u00fcr Auftraggeber bestimmt, die Eigent\u00fcmer der Immobilie sind und einen rechtsverbindlichen Vertrag zum Immobilienverkauf mit uns abschlie\u00dfen. Der Gutschein kann nicht auf andere Personen \u00fcbertragen werden.<\/li>\n<li><strong>Einl\u00f6sung des Gutscheins<\/strong>: Der Gutscheinwert von 500 Euro wird ausschlie\u00dflich auf die Provision angerechnet, die nach erfolgreichem Verkauf der Immobilie f\u00e4llig wird. Eine Barauszahlung des Gutscheinwerts ist nicht m\u00f6glich.<\/li>\n<li><strong>Nachweis des Verkaufs<\/strong>: Der Auftraggeber muss einen schriftlichen Nachweis \u00fcber den erfolgreichen Verkauf der Immobilie erbringen, um den Gutschein einzul\u00f6sen. Als Nachweis gilt ein Kaufvertrag oder ein vergleichbares Dokument, das den Verkauf best\u00e4tigt.<\/li>\n<li><strong>Mindestauftragswert<\/strong>: Der Gutschein ist erst ab einem Mindestauftragswert von 2.500 Euro an Verk\u00e4uferprovision g\u00fcltig.<\/li>\n<li><strong>Kombinierbarkeit<\/strong>: Der Gutschein kann nicht mit anderen Aktionen, Rabatten oder Gutscheinen kombiniert werden. Jeder Auftraggeber kann im Rahmen dieser Aktion nur einmal einen Gutschein einl\u00f6sen.<\/li>\n<li><strong>Verfall des Gutscheins<\/strong>: Der Gutschein verf\u00e4llt automatisch, wenn der Verkauf der Immobilie nicht bis zum 31. Dezember 2024 abgeschlossen wird. Eine Verl\u00e4ngerung der G\u00fcltigkeit des Gutscheins ist nicht m\u00f6glich.<\/li>\n<li><strong>\u00c4nderungsvorbehalt<\/strong>: Der Veranstalter beh\u00e4lt sich das Recht vor, die Bedingungen dieser Aktion jederzeit zu \u00e4ndern oder die Aktion vorzeitig zu beenden. \u00c4nderungen oder die vorzeitige Beendigung werden den Teilnehmern angemessen kommuniziert.<\/li>\n<li><strong>Haftungsbeschr\u00e4nkung<\/strong>: Der Veranstalter haftet nicht f\u00fcr direkte oder indirekte Sch\u00e4den, die durch die Teilnahme an der Aktion, die Unm\u00f6glichkeit der Teilnahme oder die Einl\u00f6sung des Gutscheins entstehen, es sei denn, solche Sch\u00e4den sind auf Vorsatz oder grobe Fahrl\u00e4ssigkeit des Veranstalters zur\u00fcckzuf\u00fchren.<\/li>\n<li><strong>Datenschutz<\/strong>: Alle pers\u00f6nlichen Daten, die im Rahmen dieser Aktion erhoben werden, unterliegen den Datenschutzbestimmungen des Veranstalters. Diese Daten werden ausschlie\u00dflich zur Durchf\u00fchrung der Aktion verwendet und nicht an Dritte weitergegeben, es sei denn, es ist f\u00fcr die Abwicklung der Aktion notwendig.<\/li>\n<\/ol>\n<p>&nbsp;<\/p>\n<p>[\/et_pb_text][\/et_pb_column][\/et_pb_row][\/et_pb_section]<\/p>\n","protected":false},"excerpt":{"rendered":"<p>Allgemeine Gesch\u00e4ftsbedingungen\u200b\u00a7\u00a01 ANGABEN ZU DEN OBJEKTENUnsere Angebote erfolgen aufgrund der uns vom Auftraggeber erteilten Ausk\u00fcnfte, f\u00fcr die Richtigkeit, Aktualit\u00e4t und Vollst\u00e4ndigkeit aller gemachten Angaben \u00fcbernehmen wir keine Gew\u00e4hr. Ebenso \u00fcbernehmen wir keine Gew\u00e4hr f\u00fcr die Richtigkeit, Aktualit\u00e4t und Vollst\u00e4ndigkeit aller Bauzeichnungen, Baupl\u00e4ne, Lagepl\u00e4ne, Fl\u00e4chenberechnungen, Ausk\u00fcnfte von \u00c4mtern und Beh\u00f6rden, Angaben zu Baujahren oder Bauweise und [&hellip;]<\/p>\n","protected":false},"author":1,"featured_media":0,"parent":19,"menu_order":0,"comment_status":"closed","ping_status":"closed","template":"","meta":{"_et_pb_use_builder":"on","_et_pb_old_content":"<!-- wp:complianztc\/terms-conditions \/-->","_et_gb_content_width":"","footnotes":""},"class_list":["post-24575","page","type-page","status-publish","hentry"],"yoast_head":"<!-- This site is optimized with the Yoast SEO plugin v23.1 - https:\/\/yoast.com\/wordpress\/plugins\/seo\/ -->\n<title>Allgemeine Gesch\u00e4ftsbedingungen - Mosel Immobilien Center<\/title>\n<meta name=\"description\" content=\"Der Makler \u00fcbernimmt nur die Funktion des Vermittlers er kann keine Pr\u00fcfung der technischen Anlagen oder des Bauzustandes vornehmen.\" \/>\n<meta name=\"robots\" content=\"index, follow, max-snippet:-1, max-image-preview:large, max-video-preview:-1\" \/>\n<link rel=\"canonical\" href=\"http:\/\/mosel-immo.sichtbarjetzt.de\/?page_id=24575\" \/>\n<meta property=\"og:locale\" content=\"de_DE\" \/>\n<meta property=\"og:type\" content=\"article\" \/>\n<meta property=\"og:title\" content=\"Allgemeine Gesch\u00e4ftsbedingungen - Mosel Immobilien Center\" \/>\n<meta property=\"og:description\" content=\"Der Makler \u00fcbernimmt nur die Funktion des Vermittlers er kann keine Pr\u00fcfung der technischen Anlagen oder des Bauzustandes vornehmen.\" \/>\n<meta property=\"og:url\" content=\"http:\/\/mosel-immo.sichtbarjetzt.de\/?page_id=24575\" \/>\n<meta property=\"og:site_name\" content=\"Mosel Immobilien Center\" \/>\n<meta property=\"article:modified_time\" content=\"2024-04-11T21:20:37+00:00\" \/>\n<meta name=\"twitter:card\" content=\"summary_large_image\" \/>\n<meta name=\"twitter:label1\" content=\"Gesch\u00e4tzte Lesezeit\" \/>\n\t<meta name=\"twitter:data1\" content=\"4\u00a0Minuten\" \/>\n<script type=\"application\/ld+json\" class=\"yoast-schema-graph\">{\"@context\":\"https:\/\/schema.org\",\"@graph\":[{\"@type\":\"WebPage\",\"@id\":\"http:\/\/mosel-immo.sichtbarjetzt.de\/?page_id=24575\",\"url\":\"http:\/\/mosel-immo.sichtbarjetzt.de\/?page_id=24575\",\"name\":\"Allgemeine Gesch\u00e4ftsbedingungen - Mosel Immobilien Center\",\"isPartOf\":{\"@id\":\"http:\/\/mosel-immo.sichtbarjetzt.de\/#website\"},\"datePublished\":\"2022-01-20T00:00:48+00:00\",\"dateModified\":\"2024-04-11T21:20:37+00:00\",\"description\":\"Der Makler \u00fcbernimmt nur die Funktion des Vermittlers er kann keine Pr\u00fcfung der technischen Anlagen oder des Bauzustandes vornehmen.\",\"breadcrumb\":{\"@id\":\"http:\/\/mosel-immo.sichtbarjetzt.de\/?page_id=24575#breadcrumb\"},\"inLanguage\":\"de\",\"potentialAction\":[{\"@type\":\"ReadAction\",\"target\":[\"http:\/\/mosel-immo.sichtbarjetzt.de\/?page_id=24575\"]}]},{\"@type\":\"BreadcrumbList\",\"@id\":\"http:\/\/mosel-immo.sichtbarjetzt.de\/?page_id=24575#breadcrumb\",\"itemListElement\":[{\"@type\":\"ListItem\",\"position\":1,\"name\":\"Startseite\",\"item\":\"http:\/\/mosel-immo.sichtbarjetzt.de\/\"},{\"@type\":\"ListItem\",\"position\":2,\"name\":\"Impressum\",\"item\":\"http:\/\/mosel-immo.sichtbarjetzt.de\/?page_id=19\"},{\"@type\":\"ListItem\",\"position\":3,\"name\":\"Allgemeine Gesch\u00e4ftsbedingungen\"}]},{\"@type\":\"WebSite\",\"@id\":\"http:\/\/mosel-immo.sichtbarjetzt.de\/#website\",\"url\":\"http:\/\/mosel-immo.sichtbarjetzt.de\/\",\"name\":\"Mosel Immobilien Center\",\"description\":\"Finden Sie Ihre Traumimmobilie\",\"potentialAction\":[{\"@type\":\"SearchAction\",\"target\":{\"@type\":\"EntryPoint\",\"urlTemplate\":\"http:\/\/mosel-immo.sichtbarjetzt.de\/?s={search_term_string}\"},\"query-input\":\"required name=search_term_string\"}],\"inLanguage\":\"de\"}]}<\/script>\n<!-- \/ Yoast SEO plugin. -->","yoast_head_json":{"title":"Allgemeine Gesch\u00e4ftsbedingungen - Mosel Immobilien Center","description":"Der Makler \u00fcbernimmt nur die Funktion des Vermittlers er kann keine Pr\u00fcfung der technischen Anlagen oder des Bauzustandes vornehmen.","robots":{"index":"index","follow":"follow","max-snippet":"max-snippet:-1","max-image-preview":"max-image-preview:large","max-video-preview":"max-video-preview:-1"},"canonical":"http:\/\/mosel-immo.sichtbarjetzt.de\/?page_id=24575","og_locale":"de_DE","og_type":"article","og_title":"Allgemeine Gesch\u00e4ftsbedingungen - Mosel Immobilien Center","og_description":"Der Makler \u00fcbernimmt nur die Funktion des Vermittlers er kann keine Pr\u00fcfung der technischen Anlagen oder des Bauzustandes vornehmen.","og_url":"http:\/\/mosel-immo.sichtbarjetzt.de\/?page_id=24575","og_site_name":"Mosel Immobilien Center","article_modified_time":"2024-04-11T21:20:37+00:00","twitter_card":"summary_large_image","twitter_misc":{"Gesch\u00e4tzte Lesezeit":"4\u00a0Minuten"},"schema":{"@context":"https:\/\/schema.org","@graph":[{"@type":"WebPage","@id":"http:\/\/mosel-immo.sichtbarjetzt.de\/?page_id=24575","url":"http:\/\/mosel-immo.sichtbarjetzt.de\/?page_id=24575","name":"Allgemeine Gesch\u00e4ftsbedingungen - Mosel Immobilien Center","isPartOf":{"@id":"http:\/\/mosel-immo.sichtbarjetzt.de\/#website"},"datePublished":"2022-01-20T00:00:48+00:00","dateModified":"2024-04-11T21:20:37+00:00","description":"Der Makler \u00fcbernimmt nur die Funktion des Vermittlers er kann keine Pr\u00fcfung der technischen Anlagen oder des Bauzustandes vornehmen.","breadcrumb":{"@id":"http:\/\/mosel-immo.sichtbarjetzt.de\/?page_id=24575#breadcrumb"},"inLanguage":"de","potentialAction":[{"@type":"ReadAction","target":["http:\/\/mosel-immo.sichtbarjetzt.de\/?page_id=24575"]}]},{"@type":"BreadcrumbList","@id":"http:\/\/mosel-immo.sichtbarjetzt.de\/?page_id=24575#breadcrumb","itemListElement":[{"@type":"ListItem","position":1,"name":"Startseite","item":"http:\/\/mosel-immo.sichtbarjetzt.de\/"},{"@type":"ListItem","position":2,"name":"Impressum","item":"http:\/\/mosel-immo.sichtbarjetzt.de\/?page_id=19"},{"@type":"ListItem","position":3,"name":"Allgemeine Gesch\u00e4ftsbedingungen"}]},{"@type":"WebSite","@id":"http:\/\/mosel-immo.sichtbarjetzt.de\/#website","url":"http:\/\/mosel-immo.sichtbarjetzt.de\/","name":"Mosel Immobilien Center","description":"Finden Sie Ihre Traumimmobilie","potentialAction":[{"@type":"SearchAction","target":{"@type":"EntryPoint","urlTemplate":"http:\/\/mosel-immo.sichtbarjetzt.de\/?s={search_term_string}"},"query-input":"required name=search_term_string"}],"inLanguage":"de"}]}},"_links":{"self":[{"href":"http:\/\/mosel-immo.sichtbarjetzt.de\/index.php?rest_route=\/wp\/v2\/pages\/24575","targetHints":{"allow":["GET"]}}],"collection":[{"href":"http:\/\/mosel-immo.sichtbarjetzt.de\/index.php?rest_route=\/wp\/v2\/pages"}],"about":[{"href":"http:\/\/mosel-immo.sichtbarjetzt.de\/index.php?rest_route=\/wp\/v2\/types\/page"}],"author":[{"embeddable":true,"href":"http:\/\/mosel-immo.sichtbarjetzt.de\/index.php?rest_route=\/wp\/v2\/users\/1"}],"replies":[{"embeddable":true,"href":"http:\/\/mosel-immo.sichtbarjetzt.de\/index.php?rest_route=%2Fwp%2Fv2%2Fcomments&post=24575"}],"version-history":[{"count":1,"href":"http:\/\/mosel-immo.sichtbarjetzt.de\/index.php?rest_route=\/wp\/v2\/pages\/24575\/revisions"}],"predecessor-version":[{"id":41002,"href":"http:\/\/mosel-immo.sichtbarjetzt.de\/index.php?rest_route=\/wp\/v2\/pages\/24575\/revisions\/41002"}],"up":[{"embeddable":true,"href":"http:\/\/mosel-immo.sichtbarjetzt.de\/index.php?rest_route=\/wp\/v2\/pages\/19"}],"wp:attachment":[{"href":"http:\/\/mosel-immo.sichtbarjetzt.de\/index.php?rest_route=%2Fwp%2Fv2%2Fmedia&parent=24575"}],"curies":[{"name":"wp","href":"https:\/\/api.w.org\/{rel}","templated":true}]}}